{"id":702,"date":"2020-05-12T17:06:29","date_gmt":"2020-05-12T17:06:29","guid":{"rendered":"http:\/\/minimum.photocrati.com\/?page_id=702"},"modified":"2020-05-12T17:06:29","modified_gmt":"2020-05-12T17:06:29","slug":"proofing-example","status":"publish","type":"page","link":"https:\/\/bilderkontor.eu\/?page_id=702","title":{"rendered":"Proofing Example"},"content":{"rendered":"\n\n    <div class=\"nextgen_pro_film\" id=\"gallery_2a175bd6489df747f5b970e71f5a906c\"><div id=\"ngg-image-0\" class=\"image-wrapper\"><a href=\"https:\/\/bilderkontor.eu\/wp-content\/gallery\/landscapes\/unbenannt-1-2.jpg\"\n                               title=\"\"\n                               data-src=\"https:\/\/bilderkontor.eu\/wp-content\/gallery\/landscapes\/unbenannt-1-2.jpg\"\n                               data-thumbnail=\"https:\/\/bilderkontor.eu\/wp-content\/gallery\/landscapes\/thumbs\/thumbs_unbenannt-1-2.jpg\"\n                               data-image-id=\"2000000114\"\n                               data-title=\"unbenannt-1-2\"\n                               data-description=\"\"\n                               class=\"ngg-simplelightbox\" rel=\"2a175bd6489df747f5b970e71f5a906c\"><picture><source srcset='https:\/\/bilderkontor.eu\/wp-content\/gallery\/landscapes\/thumbs\/thumbs_unbenannt-1-2.jpg, https:\/\/bilderkontor.eu\/wp-content\/gallery\/landscapes\/cache\/unbenannt-1-2.jpg-nggid0102000000114-ngg0dyn-480x320x100-00f0w010c011r110f110r010t010.jpg 2x'><img class=\"nextgen_pro_film_image\" title=\"unbenannt-1-2\" alt=\"unbenannt-1-2\" width=\"240\" height=\"160\" style=\"max-width:240px;max-height:160px\" src=\"https:\/\/bilderkontor.eu\/wp-content\/gallery\/landscapes\/thumbs\/thumbs_unbenannt-1-2.jpg\" srcset=\"https:\/\/bilderkontor.eu\/wp-content\/gallery\/landscapes\/thumbs\/thumbs_unbenannt-1-2.jpg, https:\/\/bilderkontor.eu\/wp-content\/gallery\/landscapes\/cache\/unbenannt-1-2.jpg-nggid0102000000114-ngg0dyn-480x320x100-00f0w010c011r110f110r010t010.jpg 2x\"\/><\/picture>                            <\/a><\/div><div id=\"ngg-image-1\" class=\"image-wrapper\"><a href=\"https:\/\/bilderkontor.eu\/wp-content\/gallery\/landscapes\/unbenannt-1-Bilderkontor-2.jpg\"\n                               title=\"\"\n                               data-src=\"https:\/\/bilderkontor.eu\/wp-content\/gallery\/landscapes\/unbenannt-1-Bilderkontor-2.jpg\"\n                               data-thumbnail=\"https:\/\/bilderkontor.eu\/wp-content\/gallery\/landscapes\/thumbs\/thumbs_unbenannt-1-Bilderkontor-2.jpg\"\n                               data-image-id=\"2000000116\"\n                               data-title=\"unbenannt-1-Bilderkontor-2\"\n                               data-description=\"\"\n                               class=\"ngg-simplelightbox\" rel=\"2a175bd6489df747f5b970e71f5a906c\"><picture><source srcset='https:\/\/bilderkontor.eu\/wp-content\/gallery\/landscapes\/thumbs\/thumbs_unbenannt-1-Bilderkontor-2.jpg, https:\/\/bilderkontor.eu\/wp-content\/gallery\/landscapes\/cache\/unbenannt-1-Bilderkontor-2.jpg-nggid0102000000116-ngg0dyn-480x320x100-00f0w010c011r110f110r010t010.jpg 2x'><img class=\"nextgen_pro_film_image\" title=\"unbenannt-1-Bilderkontor-2\" alt=\"unbenannt-1-Bilderkontor-2\" width=\"240\" height=\"160\" style=\"max-width:240px;max-height:160px\" src=\"https:\/\/bilderkontor.eu\/wp-content\/gallery\/landscapes\/thumbs\/thumbs_unbenannt-1-Bilderkontor-2.jpg\" srcset=\"https:\/\/bilderkontor.eu\/wp-content\/gallery\/landscapes\/thumbs\/thumbs_unbenannt-1-Bilderkontor-2.jpg, https:\/\/bilderkontor.eu\/wp-content\/gallery\/landscapes\/cache\/unbenannt-1-Bilderkontor-2.jpg-nggid0102000000116-ngg0dyn-480x320x100-00f0w010c011r110f110r010t010.jpg 2x\"\/><\/picture>                            <\/a><\/div><div id=\"ngg-image-2\" class=\"image-wrapper\"><a href=\"https:\/\/bilderkontor.eu\/wp-content\/gallery\/landscapes\/unbenannt-1-Bilderkontor-3.jpg\"\n                               title=\"\"\n                               data-src=\"https:\/\/bilderkontor.eu\/wp-content\/gallery\/landscapes\/unbenannt-1-Bilderkontor-3.jpg\"\n                               data-thumbnail=\"https:\/\/bilderkontor.eu\/wp-content\/gallery\/landscapes\/thumbs\/thumbs_unbenannt-1-Bilderkontor-3.jpg\"\n                               data-image-id=\"2000000117\"\n                               data-title=\"unbenannt-1-Bilderkontor-3\"\n                               data-description=\"\"\n                               class=\"ngg-simplelightbox\" rel=\"2a175bd6489df747f5b970e71f5a906c\"><picture><source srcset='https:\/\/bilderkontor.eu\/wp-content\/gallery\/landscapes\/thumbs\/thumbs_unbenannt-1-Bilderkontor-3.jpg, https:\/\/bilderkontor.eu\/wp-content\/gallery\/landscapes\/cache\/unbenannt-1-Bilderkontor-3.jpg-nggid0102000000117-ngg0dyn-480x320x100-00f0w010c011r110f110r010t010.jpg 2x'><img class=\"nextgen_pro_film_image\" title=\"unbenannt-1-Bilderkontor-3\" alt=\"unbenannt-1-Bilderkontor-3\" width=\"240\" height=\"160\" style=\"max-width:240px;max-height:160px\" src=\"https:\/\/bilderkontor.eu\/wp-content\/gallery\/landscapes\/thumbs\/thumbs_unbenannt-1-Bilderkontor-3.jpg\" srcset=\"https:\/\/bilderkontor.eu\/wp-content\/gallery\/landscapes\/thumbs\/thumbs_unbenannt-1-Bilderkontor-3.jpg, https:\/\/bilderkontor.eu\/wp-content\/gallery\/landscapes\/cache\/unbenannt-1-Bilderkontor-3.jpg-nggid0102000000117-ngg0dyn-480x320x100-00f0w010c011r110f110r010t010.jpg 2x\"\/><\/picture>                            <\/a><\/div><div id=\"ngg-image-3\" class=\"image-wrapper\"><a href=\"https:\/\/bilderkontor.eu\/wp-content\/gallery\/landscapes\/unbenannt-1-Bilderkontor-4.jpg\"\n                               title=\"\"\n                               data-src=\"https:\/\/bilderkontor.eu\/wp-content\/gallery\/landscapes\/unbenannt-1-Bilderkontor-4.jpg\"\n                               data-thumbnail=\"https:\/\/bilderkontor.eu\/wp-content\/gallery\/landscapes\/thumbs\/thumbs_unbenannt-1-Bilderkontor-4.jpg\"\n                               data-image-id=\"2000000118\"\n                               data-title=\"unbenannt-1-Bilderkontor-4\"\n                               data-description=\"\"\n                               class=\"ngg-simplelightbox\" rel=\"2a175bd6489df747f5b970e71f5a906c\"><picture><source srcset='https:\/\/bilderkontor.eu\/wp-content\/gallery\/landscapes\/thumbs\/thumbs_unbenannt-1-Bilderkontor-4.jpg, https:\/\/bilderkontor.eu\/wp-content\/gallery\/landscapes\/cache\/unbenannt-1-Bilderkontor-4.jpg-nggid0102000000118-ngg0dyn-480x320x100-00f0w010c011r110f110r010t010.jpg 2x'><img class=\"nextgen_pro_film_image\" title=\"unbenannt-1-Bilderkontor-4\" alt=\"unbenannt-1-Bilderkontor-4\" width=\"240\" height=\"160\" style=\"max-width:240px;max-height:160px\" src=\"https:\/\/bilderkontor.eu\/wp-content\/gallery\/landscapes\/thumbs\/thumbs_unbenannt-1-Bilderkontor-4.jpg\" srcset=\"https:\/\/bilderkontor.eu\/wp-content\/gallery\/landscapes\/thumbs\/thumbs_unbenannt-1-Bilderkontor-4.jpg, https:\/\/bilderkontor.eu\/wp-content\/gallery\/landscapes\/cache\/unbenannt-1-Bilderkontor-4.jpg-nggid0102000000118-ngg0dyn-480x320x100-00f0w010c011r110f110r010t010.jpg 2x\"\/><\/picture>                            <\/a><\/div><\/div><div class='ngg-clear'><\/div><div class=\"ngg-pro-proofing-trigger-link\" data-gallery-id=\"2a175bd6489df747f5b970e71f5a906c\"><a href=\"#\" class=\"ngg_pro_proofing_btn ngg_pro_btn\">\u00dcberpr\u00fcfungen \u00fcbermitteln<\/a><\/div>\n\nHoppla! Diese Seite zeigt normalerweise Details f\u00fcr Bildnachweise an, aber Sie haben noch keine Bilder gepr\u00fcft. Bitte z\u00f6gern Sie nicht weiter zu surfen. Danke f\u00fcr den Besuch.","protected":false},"excerpt":{"rendered":"","protected":false},"author":1,"featured_media":0,"parent":0,"menu_order":0,"comment_status":"closed","ping_status":"closed","template":"","meta":{"ngg_post_thumbnail":0,"footnotes":""},"class_list":["post-702","page","type-page","status-publish","hentry","entry"],"_links":{"self":[{"href":"https:\/\/bilderkontor.eu\/index.php?rest_route=\/wp\/v2\/pages\/702","targetHints":{"allow":["GET"]}}],"collection":[{"href":"https:\/\/bilderkontor.eu\/index.php?rest_route=\/wp\/v2\/pages"}],"about":[{"href":"https:\/\/bilderkontor.eu\/index.php?rest_route=\/wp\/v2\/types\/page"}],"author":[{"embeddable":true,"href":"https:\/\/bilderkontor.eu\/index.php?rest_route=\/wp\/v2\/users\/1"}],"replies":[{"embeddable":true,"href":"https:\/\/bilderkontor.eu\/index.php?rest_route=%2Fwp%2Fv2%2Fcomments&post=702"}],"version-history":[{"count":0,"href":"https:\/\/bilderkontor.eu\/index.php?rest_route=\/wp\/v2\/pages\/702\/revisions"}],"wp:attachment":[{"href":"https:\/\/bilderkontor.eu\/index.php?rest_route=%2Fwp%2Fv2%2Fmedia&parent=702"}],"curies":[{"name":"wp","href":"https:\/\/api.w.org\/{rel}","templated":true}]}}